{"id":191,"date":"2023-08-29T12:38:31","date_gmt":"2023-08-29T12:38:31","guid":{"rendered":"https:\/\/rankerfy.com\/nichos\/?page_id=191"},"modified":"2023-10-10T12:25:13","modified_gmt":"2023-10-10T12:25:13","slug":"niveles-de-membresia","status":"publish","type":"page","link":"https:\/\/rankerfy.com\/nichos\/niveles-de-membresia\/","title":{"rendered":"Niveles de membres\u00eda"},"content":{"rendered":"\t\t<div data-elementor-type=\"wp-page\" data-elementor-id=\"191\" class=\"elementor elementor-191\" data-elementor-post-type=\"page\">\n\t\t\t\t\t\t<section class=\"elementor-section elementor-top-section elementor-element elementor-element-1c70f9e elementor-section-boxed elementor-section-height-default elementor-section-height-default wpr-particle-no wpr-jarallax-no wpr-parallax-no wpr-sticky-section-no\" data-id=\"1c70f9e\" data-element_type=\"section\" data-settings=\"{&quot;background_background&quot;:&quot;classic&quot;}\">\n\t\t\t\t\t\t<div class=\"elementor-container elementor-column-gap-default\">\n\t\t\t\t\t<div class=\"elementor-column elementor-col-100 elementor-top-column elementor-element elementor-element-e0558ea\" data-id=\"e0558ea\" data-element_type=\"column\">\n\t\t\t<div class=\"elementor-widget-wrap\">\n\t\t\t\t\t\t\t<\/div>\n\t\t<\/div>\n\t\t\t\t\t<\/div>\n\t\t<\/section>\n\t\t\t\t<section class=\"elementor-section elementor-top-section elementor-element elementor-element-c88d3f7 elementor-section-boxed elementor-section-height-default elementor-section-height-default wpr-particle-no wpr-jarallax-no wpr-parallax-no wpr-sticky-section-no\" data-id=\"c88d3f7\" data-element_type=\"section\" data-settings=\"{&quot;background_background&quot;:&quot;gradient&quot;}\">\n\t\t\t\t\t\t<div class=\"elementor-container elementor-column-gap-default\">\n\t\t\t\t\t<div class=\"elementor-column elementor-col-100 elementor-top-column elementor-element elementor-element-571503c\" data-id=\"571503c\" data-element_type=\"column\">\n\t\t\t<div class=\"elementor-widget-wrap elementor-element-populated\">\n\t\t\t\t\t\t<div class=\"elementor-element elementor-element-39a805e elementor-widget elementor-widget-heading\" data-id=\"39a805e\" data-element_type=\"widget\" data-widget_type=\"heading.default\">\n\t\t\t\t<div class=\"elementor-widget-container\">\n\t\t\t<style>\/*! elementor - v3.21.0 - 26-05-2024 *\/\n.elementor-heading-title{padding:0;margin:0;line-height:1}.elementor-widget-heading .elementor-heading-title[class*=elementor-size-]>a{color:inherit;font-size:inherit;line-height:inherit}.elementor-widget-heading .elementor-heading-title.elementor-size-small{font-size:15px}.elementor-widget-heading .elementor-heading-title.elementor-size-medium{font-size:19px}.elementor-widget-heading .elementor-heading-title.elementor-size-large{font-size:29px}.elementor-widget-heading .elementor-heading-title.elementor-size-xl{font-size:39px}.elementor-widget-heading .elementor-heading-title.elementor-size-xxl{font-size:59px}<\/style><h1 class=\"elementor-heading-title elementor-size-default\">Niveles de membres\u00eda <\/h1>\t\t<\/div>\n\t\t\t\t<\/div>\n\t\t\t\t<div class=\"elementor-element elementor-element-a7a9033 elementor-widget elementor-widget-text-editor\" data-id=\"a7a9033\" data-element_type=\"widget\" data-widget_type=\"text-editor.default\">\n\t\t\t\t<div class=\"elementor-widget-container\">\n\t\t\t<style>\/*! elementor - v3.21.0 - 26-05-2024 *\/\n.elementor-widget-text-editor.elementor-drop-cap-view-stacked .elementor-drop-cap{background-color:#69727d;color:#fff}.elementor-widget-text-editor.elementor-drop-cap-view-framed .elementor-drop-cap{color:#69727d;border:3px solid;background-color:transparent}.elementor-widget-text-editor:not(.elementor-drop-cap-view-default) .elementor-drop-cap{margin-top:8px}.elementor-widget-text-editor:not(.elementor-drop-cap-view-default) .elementor-drop-cap-letter{width:1em;height:1em}.elementor-widget-text-editor .elementor-drop-cap{float:left;text-align:center;line-height:1;font-size:50px}.elementor-widget-text-editor .elementor-drop-cap-letter{display:inline-block}<\/style>\t\t\t\t<p>Selecciona el nivel de membres\u00eda que deseas comprar. Recuerda que estos precios est\u00e1n sujeto a cambios futuros, por lo tanto, es posible que suban en los pr\u00f3ximos meses.<\/p>\t\t\t\t\t\t<\/div>\n\t\t\t\t<\/div>\n\t\t\t\t\t<\/div>\n\t\t<\/div>\n\t\t\t\t\t<\/div>\n\t\t<\/section>\n\t\t\t\t<section class=\"elementor-section elementor-top-section elementor-element elementor-element-8f822bb elementor-section-boxed elementor-section-height-default elementor-section-height-default wpr-particle-no wpr-jarallax-no wpr-parallax-no wpr-sticky-section-no\" data-id=\"8f822bb\" data-element_type=\"section\">\n\t\t\t\t\t\t<div class=\"elementor-container elementor-column-gap-default\">\n\t\t\t\t\t<div class=\"elementor-column elementor-col-100 elementor-top-column elementor-element elementor-element-d5061d0\" data-id=\"d5061d0\" data-element_type=\"column\">\n\t\t\t<div class=\"elementor-widget-wrap elementor-element-populated\">\n\t\t\t\t\t\t<div class=\"elementor-element elementor-element-0aadd5a elementor-widget elementor-widget-shortcode\" data-id=\"0aadd5a\" data-element_type=\"widget\" data-widget_type=\"shortcode.default\">\n\t\t\t\t<div class=\"elementor-widget-container\">\n\t\t\t\t\t<div class=\"elementor-shortcode\">[pmpro_levels]<\/div>\n\t\t\t\t<\/div>\n\t\t\t\t<\/div>\n\t\t\t\t\t<\/div>\n\t\t<\/div>\n\t\t\t\t\t<\/div>\n\t\t<\/section>\n\t\t\t\t<section class=\"elementor-section elementor-top-section elementor-element elementor-element-94752f7 elementor-section-boxed elementor-section-height-default elementor-section-height-default wpr-particle-no wpr-jarallax-no wpr-parallax-no wpr-sticky-section-no\" data-id=\"94752f7\" data-element_type=\"section\">\n\t\t\t\t\t\t<div class=\"elementor-container elementor-column-gap-default\">\n\t\t\t\t\t<div class=\"elementor-column elementor-col-100 elementor-top-column elementor-element elementor-element-e2f94af\" data-id=\"e2f94af\" data-element_type=\"column\">\n\t\t\t<div class=\"elementor-widget-wrap elementor-element-populated\">\n\t\t\t\t\t\t<div class=\"elementor-element elementor-element-49a3fe1 elementor-widget elementor-widget-text-editor\" data-id=\"49a3fe1\" data-element_type=\"widget\" data-widget_type=\"text-editor.default\">\n\t\t\t\t<div class=\"elementor-widget-container\">\n\t\t\t\t\t\t\t<p><strong>T\u00e9rminos y Condiciones de Suscripci\u00f3n a la Newsletter<\/strong><\/p>\n<p>Fecha de entrada en vigor: 01\/09\/2023<\/p>\n<p><strong>1. Aceptaci\u00f3n de los T\u00e9rminos y Condiciones<\/strong><\/p>\n<p>Al suscribirte a nuestra newsletter semanal y realizar el pago de 7 euros al mes, aceptas y te comprometes a cumplir los siguientes <a href=\"https:\/\/rankerfy.com\/aviso-legal\/\"><strong>T\u00e9rminos y Condiciones<\/strong><\/a>. Te recomendamos leer detenidamente este documento antes de proceder con la suscripci\u00f3n.<\/p>\n<p><strong>2. Contenido de la Newsletter<\/strong><\/p>\n<p>Nuestra newsletter semanal proporciona contenido de inter\u00e9s, novedades y actualizaciones relacionadas con [tema de la newsletter]. Al suscribirte, <strong>recibir\u00e1s m\u00ednimo un correo electr\u00f3nico por semana<\/strong> con informaci\u00f3n relevante y valiosa.<\/p>\n<p><strong>3. Pago y Pol\u00edtica de Reembolso<\/strong><\/p>\n<p>El costo de la suscripci\u00f3n a nuestra newsletter es de <b>7<\/b><strong>&nbsp;euros al mes<\/strong>. Una vez que realices el pago, no se permitir\u00e1 ning\u00fan tipo de reembolso.<\/p>\n<p><strong>Entiendes y aceptas<\/strong> que, desde el momento en que efect\u00faes el pago, renuncias a cualquier solicitud de devoluci\u00f3n de los fondos abonados por la suscripci\u00f3n.<\/p>\n<p><strong>4. Legalidad y Cumplimiento<\/strong><\/p>\n<p><strong>Nos comprometemos a operar de acuerdo con la legalidad vigente<\/strong> y a respetar tus derechos como suscriptor. Cumplimos con las normativas y regulaciones aplicables en relaci\u00f3n con la prestaci\u00f3n de servicios y la protecci\u00f3n de datos personales.<\/p>\n<p><strong>5. Pol\u00edtica de Privacidad<\/strong><\/p>\n<p>Al suscribirte a nuestra newsletter, aceptas nuestra <strong><a href=\"https:\/\/rankerfy.com\/aviso-legal\/\">Pol\u00edtica de Privacidad<\/a><\/strong>. Respetamos tu privacidad y protegemos tus datos personales de acuerdo con las leyes de protecci\u00f3n de datos aplicables.<\/p>\n<p>Puedes consultar nuestra <strong><a href=\"https:\/\/rankerfy.com\/aviso-legal\/\">Pol\u00edtica de Privacidad<\/a><\/strong>&nbsp; para obtener m\u00e1s detalles sobre c\u00f3mo recopilamos, utilizamos y protegemos tus datos.<\/p>\n<p><strong>6. Modificaciones a los T\u00e9rminos<\/strong><\/p>\n<p>Nos reservamos el derecho de modificar estos T\u00e9rminos y Condiciones en cualquier momento.<\/p>\n<p><strong>Te notificaremos sobre cualquier cambio sustancial a trav\u00e9s del correo electr\u00f3nico<\/strong> proporcionado durante la suscripci\u00f3n.<\/p>\n<p>Si contin\u00faas utilizando nuestros servicios despu\u00e9s de que los cambios entren en vigor, se considerar\u00e1 que aceptas los nuevos t\u00e9rminos.<\/p>\n<p><strong>7. Contacto<\/strong><\/p>\n<p>Si tienes alguna pregunta, inquietud o comentario sobre estos T\u00e9rminos y Condiciones, la suscripci\u00f3n a la newsletter o cualquier otro aspecto relacionado, puedes ponerte en contacto con nosotros en info@rankerfy.com.<\/p>\n<p>Al suscribirte a nuestra newsletter y realizar el pago, confirmas que has le\u00eddo, entendido y aceptado estos <strong><a href=\"https:\/\/rankerfy.com\/aviso-legal\/\">T\u00e9rminos y Condiciones<\/a><\/strong>.<\/p>\n<p>Gracias por confiar en nosotros y ser parte de nuestra comunidad.7<\/p>\t\t\t\t\t\t<\/div>\n\t\t\t\t<\/div>\n\t\t\t\t\t<\/div>\n\t\t<\/div>\n\t\t\t\t\t<\/div>\n\t\t<\/section>\n\t\t\t\t<\/div>\n\t\t","protected":false},"excerpt":{"rendered":"<p>Niveles de membres\u00eda Selecciona el nivel de membres\u00eda que deseas comprar. Recuerda que estos precios est\u00e1n sujeto a cambios futuros, por lo tanto, es posible que suban en los pr\u00f3ximos meses. [pmpro_levels] T\u00e9rminos y Condiciones de Suscripci\u00f3n a la Newsletter Fecha de entrada en vigor: 01\/09\/2023 1. Aceptaci\u00f3n de los T\u00e9rminos y Condiciones Al suscribirte a nuestra newsletter semanal y realizar el pago de 7 euros al mes, aceptas y te comprometes a cumplir los siguientes T\u00e9rminos y Condiciones. Te recomendamos leer detenidamente este documento antes de proceder con la suscripci\u00f3n. 2. Contenido de la Newsletter Nuestra newsletter semanal proporciona contenido de inter\u00e9s, novedades y actualizaciones relacionadas con [tema de la newsletter]. Al suscribirte, recibir\u00e1s m\u00ednimo un correo electr\u00f3nico por semana con informaci\u00f3n relevante y valiosa. 3. Pago y Pol\u00edtica de Reembolso El costo de la suscripci\u00f3n a nuestra newsletter es de 7&nbsp;euros al mes. Una vez que realices el pago, no se permitir\u00e1 ning\u00fan tipo de reembolso. Entiendes y aceptas que, desde el momento en que efect\u00faes el pago, renuncias a cualquier solicitud de devoluci\u00f3n de los fondos abonados por la suscripci\u00f3n. 4. Legalidad y Cumplimiento Nos comprometemos a operar de acuerdo con la legalidad vigente y a respetar tus derechos como suscriptor. Cumplimos con las normativas y regulaciones aplicables en relaci\u00f3n con la prestaci\u00f3n de servicios y la protecci\u00f3n de datos personales. 5. Pol\u00edtica de Privacidad Al suscribirte a nuestra newsletter, aceptas nuestra Pol\u00edtica de Privacidad. Respetamos tu privacidad y protegemos tus datos personales de acuerdo con las leyes de protecci\u00f3n de datos aplicables. Puedes consultar nuestra Pol\u00edtica de Privacidad&nbsp; para obtener m\u00e1s detalles sobre c\u00f3mo recopilamos, utilizamos y protegemos tus datos. 6. Modificaciones a los T\u00e9rminos Nos reservamos el derecho de modificar estos T\u00e9rminos y Condiciones en cualquier momento. Te notificaremos sobre cualquier cambio sustancial a trav\u00e9s del correo electr\u00f3nico proporcionado durante la suscripci\u00f3n. Si contin\u00faas utilizando nuestros servicios despu\u00e9s de que los cambios entren en vigor, se considerar\u00e1 que aceptas los nuevos t\u00e9rminos. 7. Contacto Si tienes alguna pregunta, inquietud o comentario sobre estos T\u00e9rminos y Condiciones, la suscripci\u00f3n a la newsletter o cualquier otro aspecto relacionado, puedes ponerte en contacto con nosotros en info@rankerfy.com. Al suscribirte a nuestra newsletter y realizar el pago, confirmas que has le\u00eddo, entendido y aceptado estos T\u00e9rminos y Condiciones. Gracias por confiar en nosotros y ser parte de nuestra comunidad.7<\/p>\n","protected":false},"author":1,"featured_media":0,"parent":0,"menu_order":0,"comment_status":"closed","ping_status":"closed","template":"","meta":{"pmpro_default_level":"0","_kadence_starter_templates_imported_post":false,"_kad_post_transparent":"disable","_kad_post_title":"hide","_kad_post_layout":"fullwidth","_kad_post_sidebar_id":"","_kad_post_content_style":"unboxed","_kad_post_vertical_padding":"hide","_kad_post_feature":"hide","_kad_post_feature_position":"","_kad_post_header":false,"_kad_post_footer":false,"_kad_post_classname":"","footnotes":""},"class_list":["post-191","page","type-page","status-publish","hentry","pmpro-has-access"],"_links":{"self":[{"href":"https:\/\/rankerfy.com\/nichos\/wp-json\/wp\/v2\/pages\/191","targetHints":{"allow":["GET"]}}],"collection":[{"href":"https:\/\/rankerfy.com\/nichos\/wp-json\/wp\/v2\/pages"}],"about":[{"href":"https:\/\/rankerfy.com\/nichos\/wp-json\/wp\/v2\/types\/page"}],"author":[{"embeddable":true,"href":"https:\/\/rankerfy.com\/nichos\/wp-json\/wp\/v2\/users\/1"}],"replies":[{"embeddable":true,"href":"https:\/\/rankerfy.com\/nichos\/wp-json\/wp\/v2\/comments?post=191"}],"version-history":[{"count":10,"href":"https:\/\/rankerfy.com\/nichos\/wp-json\/wp\/v2\/pages\/191\/revisions"}],"predecessor-version":[{"id":633,"href":"https:\/\/rankerfy.com\/nichos\/wp-json\/wp\/v2\/pages\/191\/revisions\/633"}],"wp:attachment":[{"href":"https:\/\/rankerfy.com\/nichos\/wp-json\/wp\/v2\/media?parent=191"}],"curies":[{"name":"wp","href":"https:\/\/api.w.org\/{rel}","templated":true}]}}